{"id":5488,"date":"2024-05-17T17:45:41","date_gmt":"2024-05-17T15:45:41","guid":{"rendered":"https:\/\/koester-gmbh.de\/?page_id=5488"},"modified":"2025-12-08T14:54:42","modified_gmt":"2025-12-08T13:54:42","slug":"mentions-legales","status":"publish","type":"page","link":"https:\/\/koester-gmbh.de\/fr\/mentions-legales\/","title":{"rendered":"Mentions l\u00e9gales"},"content":{"rendered":"<div class=\"fusion-fullwidth fullwidth-box fusion-builder-row-1 fusion-flex-container has-pattern-background has-mask-background nonhundred-percent-fullwidth non-hundred-percent-height-scrolling gradient-container-1\" style=\"--awb-border-radius-top-left:0px;--awb-border-radius-top-right:0px;--awb-border-radius-bottom-right:0px;--awb-border-radius-bottom-left:0px;--awb-margin-top:40px;--awb-flex-wrap:wrap;\" ><div class=\"fusion-builder-row fusion-row fusion-flex-align-items-flex-start fusion-flex-content-wrap\" style=\"max-width:1352px;margin-left: calc(-4% \/ 2 );margin-right: calc(-4% \/ 2 );\"><div class=\"fusion-layout-column fusion_builder_column fusion-builder-column-0 fusion_builder_column_1_1 1_1 fusion-flex-column\" style=\"--awb-bg-blend:overlay;--awb-bg-size:cover;--awb-width-large:100%;--awb-margin-top-large:0px;--awb-spacing-right-large:1.92%;--awb-margin-bottom-large:0px;--awb-spacing-left-large:1.92%;--awb-width-medium:100%;--awb-spacing-right-medium:1.92%;--awb-spacing-left-medium:1.92%;--awb-width-small:100%;--awb-spacing-right-small:1.92%;--awb-spacing-left-small:1.92%;\"><div class=\"fusion-column-wrapper fusion-flex-justify-content-flex-start fusion-content-layout-column\"><div class=\"fusion-title title fusion-title-1 fusion-no-small-visibility fusion-sep-none fusion-title-text fusion-title-size-one\" style=\"--awb-text-color:var(--awb-color7);--awb-margin-top:30px;--awb-margin-bottom:30px;--awb-margin-top-small:10px;--awb-margin-right-small:0px;--awb-margin-bottom-small:10px;--awb-margin-left-small:0px;--awb-font-size:44px;\"><h1 class=\"fusion-title-heading title-heading-left\" style=\"font-family:&quot;Oxygen&quot;;font-style:normal;font-weight:700;margin:0;font-size:1em;\">Mentions l\u00e9gales<\/h1><\/div><div class=\"fusion-title title fusion-title-2 fusion-no-medium-visibility fusion-no-large-visibility fusion-sep-none fusion-title-text fusion-title-size-one\" style=\"--awb-text-color:var(--awb-color7);--awb-margin-top:30px;--awb-margin-bottom:30px;--awb-margin-top-small:10px;--awb-margin-right-small:0px;--awb-margin-bottom-small:10px;--awb-margin-left-small:0px;--awb-font-size:24px;\"><h1 class=\"fusion-title-heading title-heading-left\" style=\"font-family:&quot;Oxygen&quot;;font-style:normal;font-weight:700;margin:0;font-size:1em;\">Mentions l\u00e9gales<\/h1><\/div><div class=\"fusion-text fusion-text-1\"><p><strong>Informations conform\u00e9ment \u00e0 l&rsquo;article 5 du TMG :<\/strong><\/p>\n<p>K\u00f6ster GmbH<br \/>\nRobert-Bosch-Str. 4<br \/>\n74182 Obersulm<br \/>\nAllemagne<\/p>\n<p>Tribunal d&rsquo;enregistrement : Tribunal d&rsquo;instance de Stuttgart<br \/>\nNum\u00e9ro d&rsquo;enregistrement : HRB 764266<br \/>\nNum\u00e9ro d&rsquo;identification TVA selon \u00a7 27a UStG : DE 317 214 686<\/p>\n<p><strong>Contact:<\/strong><\/p>\n<p>Tel.: +49(0) 7134 4051<br \/>\nE-Mail: <a href=\"mailto:service@koester-gmbh.de\">service@koester-gmbh.de<\/a><br \/>\nInternet: <a href=\"https:\/\/www.koester-gmbh.de\/\">www.koester-gmbh.de<\/a><\/p>\n<p><strong>Responsable du contenu conform\u00e9ment au \u00a7 55 Abs. 2 RStV :<\/strong><\/p>\n<p>M. Carlo K\u00f6ster<br \/>\nRobert-Bosch-Str. 4<br \/>\n74182 Obersulm<br \/>\nAllemagne<\/p>\n<p><strong>R\u00e9solution des litiges<\/strong><\/p>\n<p>Nous ne sommes pas dispos\u00e9s \u00e0 participer \u00e0 une proc\u00e9dure de r\u00e8glement des litiges devant une commission d&rsquo;arbitrage des consommateurs et nous ne sommes pas tenus de le faire.<\/p>\n<p><strong>Responsabilit\u00e9 du contenu<\/strong><\/p>\n<p>En tant que prestataire de services, nous sommes responsables de nos propres contenus sur ces pages, conform\u00e9ment aux lois g\u00e9n\u00e9rales en vigueur selon l&rsquo;article 7, paragraphe 1, de la TMG. Conform\u00e9ment aux articles 8 \u00e0 10 de la TMG, nous ne sommes pas tenus de surveiller les informations transmises ou stock\u00e9es, ni d&rsquo;enqu\u00eater sur des circonstances indiquant une activit\u00e9 ill\u00e9gale.<\/p>\n<p>Les obligations de supprimer ou de bloquer l&rsquo;utilisation d&rsquo;informations conform\u00e9ment aux lois g\u00e9n\u00e9rales restent inchang\u00e9es. Toutefois, la responsabilit\u00e9 \u00e0 cet \u00e9gard ne peut \u00eatre engag\u00e9e qu&rsquo;\u00e0 partir du moment o\u00f9 une infraction concr\u00e8te \u00e0 la loi est connue. Si nous avons connaissance d&rsquo;une telle infraction, nous supprimerons imm\u00e9diatement le contenu concern\u00e9.<\/p>\n<p><strong>Responsabilit\u00e9 des liens<\/strong><\/p>\n<p>Notre offre contient des liens vers des sites web externes de tiers, sur le contenu desquels nous n&rsquo;avons aucune influence. Par cons\u00e9quent, nous ne pouvons assumer aucune responsabilit\u00e9 pour ces contenus externes. Le fournisseur ou l&rsquo;exploitant respectif des sites est toujours responsable du contenu des sites li\u00e9s. Les pages li\u00e9es ont \u00e9t\u00e9 contr\u00f4l\u00e9es au moment de la mise en place des liens afin de d\u00e9tecter d&rsquo;\u00e9ventuelles violations de la loi. Les contenus ill\u00e9gaux n&rsquo;\u00e9taient pas identifiables au moment de la cr\u00e9ation du lien.<\/p>\n<p>Toutefois, un contr\u00f4le permanent du contenu des pages li\u00e9es n&rsquo;est pas raisonnable sans preuve concr\u00e8te d&rsquo;une violation de la loi. Si nous avons connaissance d&rsquo;une infraction, nous supprimerons imm\u00e9diatement les liens en question.<\/p>\n<p><strong>Copyright<\/strong><\/p>\n<p>Le contenu et les \u0153uvres cr\u00e9\u00e9s par les op\u00e9rateurs du site sur ces pages sont soumis \u00e0 la loi allemande sur les droits d&rsquo;auteur. La reproduction, le traitement, la distribution ou toute forme de commercialisation de ce mat\u00e9riel au-del\u00e0 du champ d&rsquo;application de la loi sur les droits d&rsquo;auteur n\u00e9cessitent l&rsquo;accord \u00e9crit pr\u00e9alable de l&rsquo;auteur ou du cr\u00e9ateur respectif. Les t\u00e9l\u00e9chargements et les copies de ce site ne sont autoris\u00e9s que pour un usage priv\u00e9 et non commercial..<\/p>\n<p>Dans la mesure o\u00f9 le contenu de ce site n&rsquo;a pas \u00e9t\u00e9 cr\u00e9\u00e9 par l&rsquo;op\u00e9rateur, les droits d&rsquo;auteur des tiers sont respect\u00e9s. Les contenus de tiers sont notamment identifi\u00e9s comme tels. Si vous avez n\u00e9anmoins connaissance d&rsquo;une violation des droits d&rsquo;auteur, veuillez nous en informer. Si nous avons connaissance d&rsquo;une infraction, nous supprimerons imm\u00e9diatement le contenu en question.<\/p>\n<\/div><\/div><\/div><\/div><\/div>\n","protected":false},"excerpt":{"rendered":"","protected":false},"author":4,"featured_media":0,"parent":0,"menu_order":0,"comment_status":"closed","ping_status":"closed","template":"100-width.php","meta":{"inline_featured_image":false,"footnotes":""},"class_list":["post-5488","page","type-page","status-publish","hentry"],"_links":{"self":[{"href":"https:\/\/koester-gmbh.de\/fr\/wp-json\/wp\/v2\/pages\/5488","targetHints":{"allow":["GET"]}}],"collection":[{"href":"https:\/\/koester-gmbh.de\/fr\/wp-json\/wp\/v2\/pages"}],"about":[{"href":"https:\/\/koester-gmbh.de\/fr\/wp-json\/wp\/v2\/types\/page"}],"author":[{"embeddable":true,"href":"https:\/\/koester-gmbh.de\/fr\/wp-json\/wp\/v2\/users\/4"}],"replies":[{"embeddable":true,"href":"https:\/\/koester-gmbh.de\/fr\/wp-json\/wp\/v2\/comments?post=5488"}],"version-history":[{"count":5,"href":"https:\/\/koester-gmbh.de\/fr\/wp-json\/wp\/v2\/pages\/5488\/revisions"}],"predecessor-version":[{"id":9466,"href":"https:\/\/koester-gmbh.de\/fr\/wp-json\/wp\/v2\/pages\/5488\/revisions\/9466"}],"wp:attachment":[{"href":"https:\/\/koester-gmbh.de\/fr\/wp-json\/wp\/v2\/media?parent=5488"}],"curies":[{"name":"wp","href":"https:\/\/api.w.org\/{rel}","templated":true}]}}