{"id":5491,"date":"2024-05-17T17:45:41","date_gmt":"2024-05-17T15:45:41","guid":{"rendered":"https:\/\/koester-gmbh.de\/?page_id=5491"},"modified":"2025-12-08T16:14:40","modified_gmt":"2025-12-08T15:14:40","slug":"aviso-legal","status":"publish","type":"page","link":"https:\/\/koester-gmbh.de\/es\/aviso-legal\/","title":{"rendered":"Aviso legal"},"content":{"rendered":"<div class=\"fusion-fullwidth fullwidth-box fusion-builder-row-1 fusion-flex-container has-pattern-background has-mask-background nonhundred-percent-fullwidth non-hundred-percent-height-scrolling gradient-container-1\" style=\"--awb-border-radius-top-left:0px;--awb-border-radius-top-right:0px;--awb-border-radius-bottom-right:0px;--awb-border-radius-bottom-left:0px;--awb-margin-top:40px;--awb-flex-wrap:wrap;\" ><div class=\"fusion-builder-row fusion-row fusion-flex-align-items-flex-start fusion-flex-content-wrap\" style=\"max-width:1352px;margin-left: calc(-4% \/ 2 );margin-right: calc(-4% \/ 2 );\"><div class=\"fusion-layout-column fusion_builder_column fusion-builder-column-0 fusion_builder_column_1_1 1_1 fusion-flex-column\" style=\"--awb-bg-blend:overlay;--awb-bg-size:cover;--awb-width-large:100%;--awb-margin-top-large:0px;--awb-spacing-right-large:1.92%;--awb-margin-bottom-large:0px;--awb-spacing-left-large:1.92%;--awb-width-medium:100%;--awb-spacing-right-medium:1.92%;--awb-spacing-left-medium:1.92%;--awb-width-small:100%;--awb-spacing-right-small:1.92%;--awb-spacing-left-small:1.92%;\"><div class=\"fusion-column-wrapper fusion-flex-justify-content-flex-start fusion-content-layout-column\"><div class=\"fusion-title title fusion-title-1 fusion-no-small-visibility fusion-sep-none fusion-title-text fusion-title-size-one\" style=\"--awb-text-color:var(--awb-color7);--awb-margin-top:30px;--awb-margin-bottom:30px;--awb-margin-top-small:10px;--awb-margin-right-small:0px;--awb-margin-bottom-small:10px;--awb-margin-left-small:0px;--awb-font-size:44px;\"><h1 class=\"fusion-title-heading title-heading-left\" style=\"font-family:&quot;Oxygen&quot;;font-style:normal;font-weight:700;margin:0;font-size:1em;\">Aviso legal<\/h1><\/div><div class=\"fusion-title title fusion-title-2 fusion-no-medium-visibility fusion-no-large-visibility fusion-sep-none fusion-title-text fusion-title-size-one\" style=\"--awb-text-color:var(--awb-color7);--awb-margin-top:30px;--awb-margin-bottom:30px;--awb-margin-top-small:10px;--awb-margin-right-small:0px;--awb-margin-bottom-small:10px;--awb-margin-left-small:0px;--awb-font-size:24px;\"><h1 class=\"fusion-title-heading title-heading-left\" style=\"font-family:&quot;Oxygen&quot;;font-style:normal;font-weight:700;margin:0;font-size:1em;\">Aviso legal<\/h1><\/div><div class=\"fusion-text fusion-text-1\"><p><strong>Informaci\u00f3n seg\u00fan el art\u00edculo 5 de la Ley alemana sobre servicios de telecomunicaci\u00f3n (TMG):<\/strong><\/p>\n<p>K\u00f6ster GmbH<br \/>\nRobert-Bosch-Str. 4<br \/>\n74182 Obersulm<br \/>\nAlemania<\/p>\n<p>Tribunal de registro: Tribunal local de Stuttgart<br \/>\nN\u00famero de registro: HRB 764266<br \/>\nN.\u00ba de identificaci\u00f3n fiscal seg\u00fan el art\u00edculo 27a de la Ley alemana del impuesto sobre el valor a\u00f1adido (UStG): DE 317 214 686<\/p>\n<p><strong>Contacto:<\/strong><\/p>\n<p>Tel.: +49(0) 7134 4051<br \/>\nE-Mail: <a href=\"mailto:service@koester-gmbh.de\">service@koester-gmbh.de<\/a><br \/>\nInternet: <a href=\"https:\/\/koester-gmbh.de\/\">www.koester-gmbh.de<\/a><\/p>\n<p><strong>Responsable del contenido seg\u00fan el art\u00edculo 55, apartado 2, del Tratado estatal sobre radiodifusi\u00f3n (RStV):<\/strong><\/p>\n<p>Sr. Carlo K\u00f6ster<br \/>\nRobert-Bosch-Str. 4<br \/>\n74182 Obersulm<br \/>\nAlemania<\/p>\n<p><strong>Resoluci\u00f3n de litigios<\/strong><\/p>\n<p>No estamos dispuestos ni obligados a participar en procedimientos de resoluci\u00f3n de litigios ante una junta arbitral de consumo.<\/p>\n<p><strong>Responsabilidad por los contenidos<\/strong><\/p>\n<p>Como proveedor de servicios, somos responsables de nuestro propio contenido en estas p\u00e1ginas de acuerdo con las leyes generales conforme al \u00a7 7, apartado 1, de la Ley alemana de servicios de telecomunicaci\u00f3n (TMG). De acuerdo con los \u00a7\u00a7 8 a 10 de la TMG, no estamos obligados a supervisar la informaci\u00f3n transmitida o almacenada ni a investigar circunstancias que indiquen una actividad ilegal.<\/p>\n<p>Las obligaciones de eliminar o bloquear el uso de la informaci\u00f3n de acuerdo con las leyes generales no se ven afectadas. Sin embargo, la responsabilidad a este respecto solo es posible a partir del momento en que se tiene conocimiento de una infracci\u00f3n concreta de la ley. Si tenemos conocimiento de alguna infracci\u00f3n de este tipo, eliminaremos el contenido correspondiente inmediatamente.<\/p>\n<p><strong>Responsabilidad por los enlaces<\/strong><\/p>\n<p>Nuestra oferta contiene enlaces a sitios web externos de terceros, sobre cuyos contenidos no tenemos influencia alguna. Por lo tanto, no podemos asumir ninguna responsabilidad por estos contenidos externos. El proveedor u operador respectivo de los sitios es siempre responsable del contenido de los sitios enlazados. Las p\u00e1ginas enlazadas fueron comprobadas en busca de posibles infracciones legales en el momento de establecer el enlace. No se detectaron contenidos ilegales en el momento de establecer el enlace.<\/p>\n<p>Sin embargo, no es razonable realizar un control permanente del contenido de las p\u00e1ginas enlazadas sin pruebas concretas de una infracci\u00f3n de la ley. Si tenemos conocimiento de alguna infracci\u00f3n, eliminaremos dichos enlaces inmediatamente.<\/p>\n<p><strong>Copyright<\/strong><\/p>\n<p>Los contenidos y obras creados por los operadores del sitio en estas p\u00e1ginas est\u00e1n sujetos a la ley alemana de derechos de autor. La duplicaci\u00f3n, el procesamiento, la distribuci\u00f3n o cualquier forma de comercializaci\u00f3n de dicho material m\u00e1s all\u00e1 del \u00e1mbito de la ley de derechos de autor requerir\u00e1 el consentimiento previo por escrito de su respectivo autor o creador. Las descargas y copias de este sitio solo est\u00e1n permitidas para uso privado y no comercial.<\/p>\n<p>En la medida en que el contenido de este sitio web no haya sido creado por el operador, se respetan los derechos de autor de terceros. En particular, el contenido de terceros se identifica como tal. No obstante, si tiene conocimiento de alguna infracci\u00f3n de los derechos de autor, le rogamos que nos lo comunique. Si tenemos conocimiento de alguna infracci\u00f3n, eliminaremos dicho contenido inmediatamente.<\/p>\n<\/div><\/div><\/div><\/div><\/div>\n","protected":false},"excerpt":{"rendered":"","protected":false},"author":4,"featured_media":0,"parent":0,"menu_order":0,"comment_status":"closed","ping_status":"closed","template":"100-width.php","meta":{"footnotes":""},"folder":[],"class_list":["post-5491","page","type-page","status-publish","hentry"],"_links":{"self":[{"href":"https:\/\/koester-gmbh.de\/es\/wp-json\/wp\/v2\/pages\/5491","targetHints":{"allow":["GET"]}}],"collection":[{"href":"https:\/\/koester-gmbh.de\/es\/wp-json\/wp\/v2\/pages"}],"about":[{"href":"https:\/\/koester-gmbh.de\/es\/wp-json\/wp\/v2\/types\/page"}],"author":[{"embeddable":true,"href":"https:\/\/koester-gmbh.de\/es\/wp-json\/wp\/v2\/users\/4"}],"replies":[{"embeddable":true,"href":"https:\/\/koester-gmbh.de\/es\/wp-json\/wp\/v2\/comments?post=5491"}],"version-history":[{"count":0,"href":"https:\/\/koester-gmbh.de\/es\/wp-json\/wp\/v2\/pages\/5491\/revisions"}],"wp:attachment":[{"href":"https:\/\/koester-gmbh.de\/es\/wp-json\/wp\/v2\/media?parent=5491"}],"wp:term":[{"taxonomy":"folder","embeddable":true,"href":"https:\/\/koester-gmbh.de\/es\/wp-json\/wp\/v2\/folder?post=5491"}],"curies":[{"name":"wp","href":"https:\/\/api.w.org\/{rel}","templated":true}]}}